{"id":287,"date":"2018-07-15T00:04:10","date_gmt":"2018-07-14T22:04:10","guid":{"rendered":"http:\/\/medecine-philosophie.com\/?page_id=287"},"modified":"2025-10-06T17:47:49","modified_gmt":"2025-10-06T15:47:49","slug":"appel-a-contributions","status":"publish","type":"page","link":"https:\/\/medecine-philosophie.com\/index.php\/proposer-un-article\/appel-a-contributions\/","title":{"rendered":"Appel \u00e0 contributions"},"content":{"rendered":"<p><strong>Ann\u00e9e 2025 :\u00a0<\/strong><\/p>\n<ul>\n<li>La seconde publication de l&rsquo;ann\u00e9e 2025 est close. Elle concernait les sciences humaines de l&rsquo;addiction.<\/li>\n<li>La premi\u00e8re publication de l&rsquo;ann\u00e9e 2025 est close. Elle concernait la justice sociale et les in\u00e9galit\u00e9s sociales de sant\u00e9 (2\/2).<\/li>\n<\/ul>\n<p><strong>Ann\u00e9e 2024 :\u00a0<\/strong><\/p>\n<ul>\n<li>La seconde publication de l&rsquo;ann\u00e9e 2024 est close. Elle concernait la justice sociale et les in\u00e9galit\u00e9s sociales de sant\u00e9 (1\/2).<\/li>\n<li>La premi\u00e8re publication de l\u2019ann\u00e9e 2024 est close. Elle concernait la philosophie du sport.<\/li>\n<\/ul>\n<p><strong>Ann\u00e9e 2023 :\u00a0<\/strong><\/p>\n<ul>\n<li>La seconde publication de l&rsquo;ann\u00e9e 2023 est close. Elle concernait la th\u00e9matique de la vuln\u00e9rabilit\u00e9.<\/li>\n<li>La premi\u00e8re publication de l\u2019ann\u00e9e 2023 est close. Elle concernait la philosophie de la biologie.<\/li>\n<\/ul>\n<p style=\"text-align: justify;\"><strong>Ann\u00e9e 2022 :\u00a0<\/strong><\/p>\n<ul>\n<li style=\"text-align: justify;\">La seconde publication de l&rsquo;ann\u00e9e 2022 est close. Elle concernait la philosophie de la biologie.<\/li>\n<li>La premi\u00e8re publication de l&rsquo;ann\u00e9e 2022 est close. Elle concernait les enjeux et la valeur des donn\u00e9es g\u00e9n\u00e9tiques.<\/li>\n<\/ul>\n<p style=\"text-align: justify;\"><strong>Ann\u00e9e 2021 :\u00a0<\/strong><\/p>\n<ul>\n<li style=\"text-align: justify;\">Les appels \u00e0 contribution pour les num\u00e9ros de l&rsquo;ann\u00e9e 2021 sont closes.<\/li>\n<\/ul>\n<p style=\"text-align: justify;\"><strong>Ann\u00e9e 2020 :<\/strong><\/p>\n<ul style=\"text-align: justify;\">\n<li>La seconde publication de l&rsquo;ann\u00e9e 2020 est close. Elle concernait la philosophie de l&rsquo;intelligence artificielle, questionnant ses enjeux \u00e9pist\u00e9mologiques, \u00e9thiques, sociologiques et humains.<\/li>\n<li>La premi\u00e8re publication de l\u2019ann\u00e9e 2020 est close. Elle concernait la th\u00e9matique du don et de la reconnaissance. Du point de vue des sciences humaines et de mani\u00e8re non exhaustive, le don concerne l\u2019\u00e9thique, la sociologie et l\u2019anthropologie, la philosophie ou le droit. D\u2019un point de vue pratique, il concerne le don d\u2019organes, de moelle, de sang, de sperme ou d\u2019ovocytes, etc.<\/li>\n<\/ul>\n<p style=\"text-align: justify;\"><strong>Ann\u00e9e 2019 :<\/strong><\/p>\n<ul style=\"text-align: justify;\">\n<li>La seconde publication de l\u2019ann\u00e9e 2019 est close. Elle concernait la th\u00e9matique de la g\u00e9n\u00e9tique, au prisme des sciences humaines. Elle interroge la question des rapports entre l\u2019\u00e9thique, la sociologie, l\u2019anthropologie, la s\u00e9mantique et l\u2019\u00e9pist\u00e9mologie des avanc\u00e9es actuelles de la g\u00e9n\u00e9tique.<\/li>\n<li>La premi\u00e8re publication de l\u2019ann\u00e9e 2019 est close. Elle questionnait la probl\u00e9matique humaine et sociale de l\u2019autisme, interrogeant ses implications sociales, comme ses repr\u00e9sentations ou les ouvertures attendues dans ce domaine pour l\u2019avenir.<\/li>\n<\/ul>\n<p style=\"text-align: justify;\">Cependant, le comit\u00e9 de r\u00e9daction \u00e9tudiera toute nouvelle demande.<br \/>\nNous invitons nos coll\u00e8gues, chercheur.e.s confirm\u00e9.e.s, jeunes chercheur.e.s et doctorant.e.s, \u00e0 soumettre des articles originaux,\u00a0<em>quelle qu\u2019en soit la forme ou le contenu<\/em>, pourvu qu\u2019il entre dans la\u00a0<a href=\"http:\/\/web.archive.org\/web\/20191111121415\/http:\/\/medecine-philosophie.com\/index.php\/2018\/05\/17\/edito\/\">ligne \u00e9ditoriale de la revue<\/a>.<\/p>\n<p style=\"text-align: justify;\">L\u2019objectif de la revue <em>M\u00e9decine et Philosophie<\/em> \u00e9tant, avant tout, d\u2019accueillir une pluralit\u00e9 d\u2019approches convergentes, toute proposition sera re\u00e7ue et examin\u00e9e par un comit\u00e9 de lecture en double aveugle assurant l\u2019anonymat de l\u2019expertise.<\/p>\n<p style=\"text-align: justify;\">Les num\u00e9ros varia constitu\u00e9s pourront alors \u00eatre transform\u00e9s en num\u00e9ros \u00e0\u00a0<a href=\"http:\/\/web.archive.org\/web\/20191111121415\/http:\/\/medecine-philosophie.com\/index.php\/parutions\/\">th\u00e9matiques sp\u00e9cifiques<\/a>.<\/p>\n<p style=\"text-align: justify;\">Un traitement en\u00a0<em>peer review<\/em>\u00a0est mis en place, par une proc\u00e9dure de lecture en simple insu.<\/p>\n","protected":false},"excerpt":{"rendered":"<p>Ann\u00e9e 2025 :\u00a0 La seconde publication de l&rsquo;ann\u00e9e 2025 est close. Elle concernait les sciences humaines de l&rsquo;addiction. La premi\u00e8re publication de l&rsquo;ann\u00e9e 2025 est close. Elle concernait la justice sociale et les in\u00e9galit\u00e9s sociales de sant\u00e9 (2\/2). Ann\u00e9e 2024<\/p>\n","protected":false},"author":1,"featured_media":0,"parent":299,"menu_order":1,"comment_status":"closed","ping_status":"closed","template":"","meta":[],"acf":[],"yoast_head":"<!-- This site is optimized with the Yoast SEO plugin v15.9.2 - https:\/\/yoast.com\/wordpress\/plugins\/seo\/ -->\n<title>Appel \u00e0 contributions - Revue M\u00e9decine et Philosophie<\/title>\n<meta name=\"description\" content=\"La soumission d&#039;un article est libre, ouverte \u00e0 tout auteur, quel que soit son domaine de recherches en m\u00e9decine ou sciences humaines.\" \/>\n<meta name=\"robots\" content=\"index, follow, max-snippet:-1, max-image-preview:large, max-video-preview:-1\" \/>\n<link rel=\"canonical\" href=\"https:\/\/medecine-philosophie.com\/index.php\/proposer-un-article\/appel-a-contributions\/\" \/>\n<meta property=\"og:locale\" content=\"fr_FR\" \/>\n<meta property=\"og:type\" content=\"article\" \/>\n<meta property=\"og:title\" content=\"Appel \u00e0 contributions - Revue M\u00e9decine et Philosophie\" \/>\n<meta property=\"og:description\" content=\"La soumission d&#039;un article est libre, ouverte \u00e0 tout auteur, quel que soit son domaine de recherches en m\u00e9decine ou sciences humaines.\" \/>\n<meta property=\"og:url\" content=\"https:\/\/medecine-philosophie.com\/index.php\/proposer-un-article\/appel-a-contributions\/\" \/>\n<meta property=\"og:site_name\" content=\"Revue M\u00e9decine et Philosophie\" \/>\n<meta property=\"article:publisher\" content=\"https:\/\/www.facebook.com\/Revue-M%c3%a9decine-et-Philosophie-1057556234396943\/\" \/>\n<meta property=\"article:modified_time\" content=\"2025-10-06T15:47:49+00:00\" \/>\n<meta name=\"twitter:card\" content=\"summary_large_image\" \/>\n<meta name=\"twitter:label1\" content=\"Dur\u00e9e de lecture est.\">\n\t<meta name=\"twitter:data1\" content=\"2 minutes\">\n<script type=\"application\/ld+json\" class=\"yoast-schema-graph\">{\"@context\":\"https:\/\/schema.org\",\"@graph\":[{\"@type\":\"Organization\",\"@id\":\"https:\/\/medecine-philosophie.com\/#organization\",\"name\":\"Revue M\\u00e9decine et Philosophie\",\"url\":\"https:\/\/medecine-philosophie.com\/\",\"sameAs\":[\"https:\/\/www.facebook.com\/Revue-M\\u00e9decine-et-Philosophie-1057556234396943\/\"],\"logo\":{\"@type\":\"ImageObject\",\"@id\":\"https:\/\/medecine-philosophie.com\/#logo\",\"inLanguage\":\"fr-FR\",\"url\":\"https:\/\/medecine-philosophie.com\/wp-content\/uploads\/2018\/04\/Revue-de-m\\u00e9decine-et-philosophie-pdf.jpg\",\"caption\":\"Revue M\\u00e9decine et Philosophie\"},\"image\":{\"@id\":\"https:\/\/medecine-philosophie.com\/#logo\"}},{\"@type\":\"WebSite\",\"@id\":\"https:\/\/medecine-philosophie.com\/#website\",\"url\":\"https:\/\/medecine-philosophie.com\/\",\"name\":\"Revue M\\u00e9decine et Philosophie\",\"description\":\"Revue interdisciplinaire\",\"publisher\":{\"@id\":\"https:\/\/medecine-philosophie.com\/#organization\"},\"potentialAction\":[{\"@type\":\"SearchAction\",\"target\":\"https:\/\/medecine-philosophie.com\/?s={search_term_string}\",\"query-input\":\"required name=search_term_string\"}],\"inLanguage\":\"fr-FR\"},{\"@type\":\"WebPage\",\"@id\":\"https:\/\/medecine-philosophie.com\/index.php\/proposer-un-article\/appel-a-contributions\/#webpage\",\"url\":\"https:\/\/medecine-philosophie.com\/index.php\/proposer-un-article\/appel-a-contributions\/\",\"name\":\"Appel \\u00e0 contributions - Revue M\\u00e9decine et Philosophie\",\"isPartOf\":{\"@id\":\"https:\/\/medecine-philosophie.com\/#website\"},\"datePublished\":\"2018-07-14T22:04:10+00:00\",\"dateModified\":\"2025-10-06T15:47:49+00:00\",\"description\":\"La soumission d'un article est libre, ouverte \\u00e0 tout auteur, quel que soit son domaine de recherches en m\\u00e9decine ou sciences humaines.\",\"breadcrumb\":{\"@id\":\"https:\/\/medecine-philosophie.com\/index.php\/proposer-un-article\/appel-a-contributions\/#breadcrumb\"},\"inLanguage\":\"fr-FR\",\"potentialAction\":[{\"@type\":\"ReadAction\",\"target\":[\"https:\/\/medecine-philosophie.com\/index.php\/proposer-un-article\/appel-a-contributions\/\"]}]},{\"@type\":\"BreadcrumbList\",\"@id\":\"https:\/\/medecine-philosophie.com\/index.php\/proposer-un-article\/appel-a-contributions\/#breadcrumb\",\"itemListElement\":[{\"@type\":\"ListItem\",\"position\":1,\"item\":{\"@type\":\"WebPage\",\"@id\":\"https:\/\/medecine-philosophie.com\/\",\"url\":\"https:\/\/medecine-philosophie.com\/\",\"name\":\"Accueil\"}},{\"@type\":\"ListItem\",\"position\":2,\"item\":{\"@type\":\"WebPage\",\"@id\":\"https:\/\/medecine-philosophie.com\/index.php\/proposer-un-article\/\",\"url\":\"https:\/\/medecine-philosophie.com\/index.php\/proposer-un-article\/\",\"name\":\"Proposer un article\"}},{\"@type\":\"ListItem\",\"position\":3,\"item\":{\"@type\":\"WebPage\",\"@id\":\"https:\/\/medecine-philosophie.com\/index.php\/proposer-un-article\/appel-a-contributions\/\",\"url\":\"https:\/\/medecine-philosophie.com\/index.php\/proposer-un-article\/appel-a-contributions\/\",\"name\":\"Appel \\u00e0 contributions\"}}]}]}<\/script>\n<!-- \/ Yoast SEO plugin. -->","_links":{"self":[{"href":"https:\/\/medecine-philosophie.com\/index.php\/wp-json\/wp\/v2\/pages\/287"}],"collection":[{"href":"https:\/\/medecine-philosophie.com\/index.php\/wp-json\/wp\/v2\/pages"}],"about":[{"href":"https:\/\/medecine-philosophie.com\/index.php\/wp-json\/wp\/v2\/types\/page"}],"author":[{"embeddable":true,"href":"https:\/\/medecine-philosophie.com\/index.php\/wp-json\/wp\/v2\/users\/1"}],"replies":[{"embeddable":true,"href":"https:\/\/medecine-philosophie.com\/index.php\/wp-json\/wp\/v2\/comments?post=287"}],"version-history":[{"count":15,"href":"https:\/\/medecine-philosophie.com\/index.php\/wp-json\/wp\/v2\/pages\/287\/revisions"}],"predecessor-version":[{"id":1678,"href":"https:\/\/medecine-philosophie.com\/index.php\/wp-json\/wp\/v2\/pages\/287\/revisions\/1678"}],"up":[{"embeddable":true,"href":"https:\/\/medecine-philosophie.com\/index.php\/wp-json\/wp\/v2\/pages\/299"}],"wp:attachment":[{"href":"https:\/\/medecine-philosophie.com\/index.php\/wp-json\/wp\/v2\/media?parent=287"}],"curies":[{"name":"wp","href":"https:\/\/api.w.org\/{rel}","templated":true}]}}