{"id":293,"date":"2018-07-28T15:24:55","date_gmt":"2018-07-28T13:24:55","guid":{"rendered":"http:\/\/medecine-philosophie.com\/?page_id=293"},"modified":"2024-08-25T13:17:31","modified_gmt":"2024-08-25T11:17:31","slug":"soumettre-un-article","status":"publish","type":"page","link":"https:\/\/medecine-philosophie.com\/index.php\/proposer-un-article\/soumettre-un-article\/","title":{"rendered":"Soumettre un article"},"content":{"rendered":"\n<div class=\"wp-block-file\"><a href=\"https:\/\/medecine-philosophie.com\/wp-content\/uploads\/2024\/08\/Instructions_auteurs_MeP.pdf\" class=\"wp-block-file__button\" download>Instructions aux auteurs<\/a><\/div>\n\n\n<p>\u00a0<\/p>\n<p class=\"p2\">Les propositions d\u2019articles spontan\u00e9es peuvent \u00eatre envoy\u00e9es \u00e0 l\u2019adresse suivante :<\/p>\n<p class=\"p2\"><span class=\"s1\"><a href=\"mailto:medecineetphilosophie@gmail.com\">medecineetphilosophie@gmail.com<\/a><\/span><\/p>\n<p class=\"p2\">Ou au membre du comit\u00e9 de r\u00e9daction avec lequel vous avez d\u00e9j\u00e0 correspondu<\/p>\n<p class=\"p2\"><b>Page de titre<\/b><\/p>\n<ul class=\"ul1\">\n<li class=\"li4\"><b>Titre<\/b> de l\u2019article (en fran\u00e7ais)<\/li>\n<li class=\"li4\">R\u00e9sum\u00e9 d\u2019environ <span class=\"s2\"><b>250 mots<\/b><\/span> (accept\u00e9s de 100 \u00e0 400) (en fran\u00e7ais)<\/li>\n<li class=\"li4\">Mots clefs :<b> <\/b><span class=\"s3\"><b>3 \u00e0 6<\/b><\/span><\/li>\n<li class=\"li4\"><b>Pr\u00e9nom et nom <\/b>des auteur.es, en minuscules<\/li>\n<li class=\"li4\"><b>Affiliations<\/b> compl\u00e8tes des auteur.es\u00a0<\/li>\n<\/ul>\n<p class=\"p4\">Le r\u00e9sum\u00e9 doit \u00eatre :<\/p>\n<ul class=\"ul1\">\n<li class=\"li4\"><b><i>Informatif<\/i><\/b>\u00a0: il doit pr\u00e9senter les objectifs du texte, les r\u00e9sultats les plus significatifs et les concepts principaux.<\/li>\n<li class=\"li4\"><b><i>Exhaustif<\/i><\/b>\u00a0: fournir l\u2019encha\u00eenement des id\u00e9es jusqu\u2019\u00e0 la conclusion ou la discussion.<\/li>\n<\/ul>\n<p class=\"p2\"><b>Mise en page<\/b><\/p>\n<ul class=\"ul1\">\n<li class=\"li4\"><b>Nombre de mots : entre <\/b><span class=\"s3\"><b>1 000 \u00e0 8 000 mots<\/b> <\/span>(soit environ 3 \u00e0 20 pages Word)<\/li>\n<li class=\"li4\">Conform\u00e9ment \u00e0 la ligne directrice de la revue, qui souhaite avant tout favoriser la souplesse et rester flexible et adaptable aux propositions vari\u00e9es de ses contributeur.trices, les textes envoy\u00e9s seront d\u2019un format libre : tout texte bien argument\u00e9 pourrait \u00eatre recevable, quelle que soit notamment sa longueur.<\/li>\n<li class=\"li4\"><b><\/b>Cependant, afin d\u2019am\u00e9liorer le r\u00e9f\u00e9rencement et la diffusion, la revue<i> M\u00e9decine et Philosophie<\/i> transforme les textes re\u00e7us sous un format sp\u00e9cifique (LaTeX)<\/li>\n<li class=\"li4\"><b><\/b>Il est donc demand\u00e9 aux auteur.es :\n<ol class=\"ol1\">\n<li class=\"li4\"><b><\/b>De <b><i>limiter les notes de bas de pages<\/i><\/b> aux indications les plus importantes<\/li>\n<li class=\"li4\"><b><\/b>De <b><i>sauter une ligne entre chaque paragraphe <\/i><\/b>de texte.\u00a0<\/li>\n<\/ol>\n<\/li>\n<li class=\"li4\">Le document est pr\u00e9f\u00e9rentiellement enregistr\u00e9 au format Word (.doc ou .doc pour Mac), Police 12, Times New Roman.<\/li>\n<li class=\"li4\">Pour des raisons de lisibilit\u00e9, l&rsquo;article doit \u00eatre \u00ab\u00a0a\u00e9r\u00e9\u00a0\u00bb, soit par la mise en place de paragraphes \u00e9quilibr\u00e9s, soit par des citations s\u00e9par\u00e9es du corps du texte.<\/li>\n<li class=\"li4\">Les citations de plus de trois lignes doivent \u00eatre s\u00e9par\u00e9es du corps du texte par un retour \u00e0 la ligne et former un paragraphe (en police 11) \u2013 sans guillemet, ni italique.<\/li>\n<li class=\"li4\">Les signes de ponctuation (; : ! ?) doivent \u00eatre pr\u00e9c\u00e9d\u00e9s d\u2019un espace ins\u00e9cable.<\/li>\n<li class=\"li4\">Les termes en langue \u00e9trang\u00e8re doivent \u00eatre en italique.<\/li>\n<li class=\"li4\">L\u2019indice de la note doit se trouver entre le guillemet et le point final, ou avant le point final.<\/li>\n<li class=\"li4\">Les figures et les tableaux seront ins\u00e9r\u00e9s dans le texte sous forme d\u2019image. Chaque tableau ou figure\u00a0est fourni sans son titre dans un document ind\u00e9pendant sous un format informatique standard (PDF, JPEG, PNG, etc.). Ils doivent donc :\n<ol class=\"ol1\">\n<li class=\"li4\">\u00catre appel\u00e9 dans le corps du texte<\/li>\n<li class=\"li4\">\u00catre accompagn\u00e9 d\u2019une l\u00e9gende en fran\u00e7ais<\/li>\n<\/ol>\n<\/li>\n<\/ul>\n<p class=\"p2\"><b>Bibliographie<\/b><\/p>\n<p class=\"p4\">Dans une logique d\u2019enregistrement et de diffusion dans les bases de donn\u00e9es internationales, le format de<b> <\/b><span class=\"s3\"><b>l\u2019American Psychological Association\u00a0(APA), 7<\/b><\/span><span class=\"s4\"><b><sup>th<\/sup><\/b><\/span><span class=\"s3\"><b> edition (APA7). <\/b><\/span><\/p>\n<p class=\"p4\">Attention, en aucun cas les r\u00e9f\u00e9rences ne doivent \u00eatre mis en notes de bas de page.<\/p>\n<p class=\"p4\">Situ\u00e9es dans le corps du texte, elles doivent se pr\u00e9senter sous la forme (auteurs, date).<\/p>\n<ul class=\"ul1\">\n<li class=\"li4\">Un auteur\u00a0: (Foucault, 1948)<\/li>\n<li class=\"li4\">Deux auteurs\u00a0: (Derrida, &amp; Simondon, 1964)<\/li>\n<li class=\"li4\">De trois \u00e0 six auteurs\u00a0: (Fagot-Largeault, Teiger, &amp; Morin, 1992)<\/li>\n<\/ul>\n<p class=\"p4\">La bibliographie est compos\u00e9e de l\u2019ensemble des r\u00e9f\u00e9rences bibliographiques regroup\u00e9es \u00e0 la fin de l\u2019article, class\u00e9es par ordre alphab\u00e9tique.<\/p>\n<p class=\"p4\">Ouvrage\u00a0:\u00a0<br \/>Auteur. (Date entre parenth\u00e8ses). <i>Titre de l\u2019ouvrage en italique (num\u00e9ro d\u2019\u00e9dition)<\/i>. Ville de l\u2019\u00e9diteur\u00a0: Nom de l\u2019\u00e9diteur. (Eventuellement Collection)<\/p>\n<p class=\"p4\">Partie d\u2019ouvrage\u00a0:\u00a0<br \/>Auteur de la partie. (Date entre parenth\u00e8ses). Titre de la partie. In Auteurs de l\u2019ouvrage.\u00a0<i>Titre de l\u2019ouvrage en italique (num\u00e9ro d\u2019\u00e9dition)<\/i>. Pagination de la partie. Ville de l\u2019\u00e9diteur\u00a0: Nom de l\u2019\u00e9diteur.<\/p>\n<p class=\"p4\">Article\u00a0:\u00a0<br \/>Auteur. (Date entre parenth\u00e8ses). Titre de l\u2019article.\u00a0<i>Titre de la revue en italique. Volume<\/i>, (Num\u00e9ro), Pagination de l\u2019article.<\/p>\n<p class=\"p4\">Th\u00e8se, m\u00e9moire, etc..\u00a0:\u00a0<br \/>Auteur. (Date entre parenth\u00e8ses).\u00a0<i>Titre en italique<\/i>. Intitul\u00e9 du dipl\u00f4me, \u00e9tablissement universitaire.<\/p>\n<p class=\"p4\">Rapport\u00a0:\u00a0<br \/>Auteur. (Date entre parenth\u00e8ses).\u00a0<i>Titre en italique<\/i>. R\u00e9f\u00e9rences du rapport, Ville\u00a0: Institution.<\/p>\n<p class=\"p7\"><b>Consignes g\u00e9n\u00e9rales<\/b><\/p>\n<p class=\"p4\">Les documents transmis par les auteurs doivent se conformer aux r\u00e8gles indiqu\u00e9es ci-dessus, et uniquement \u00e0 elles. Leurs finalit\u00e9s sont\u00a0:<\/p>\n<ul class=\"ul1\">\n<li class=\"li4\">De respecter les r\u00e8gles formelles de publication des revues internationales,<\/li>\n<li class=\"li4\">De faciliter le traitement informatique des fichiers pour leur mise en ligne.<\/li>\n<\/ul>\n<p class=\"p4\">Aucun document papier ne sera trait\u00e9 par la revue\u00a0<i>M\u00e9decine et Philosophie<\/i><\/p>\n<p class=\"p4\">Nous attirons particuli\u00e8rement l\u2019attention des auteurs sur les traductions du titre, du r\u00e9sum\u00e9, des mots-cl\u00e9s et des l\u00e9gendes, sur la qualit\u00e9 du r\u00e9sum\u00e9 et sur les mots cl\u00e9s.<\/p>\n<p class=\"p4\">Un accus\u00e9 de r\u00e9ception sera envoy\u00e9 \u00e0 l\u2019auteur.e.<\/p>\n<p class=\"p4\">Langue des communications : <b>fran\u00e7ais <\/b>(l\u2019anglais pouvant \u00eatre accept\u00e9 apr\u00e8s discussion avec le comit\u00e9 \u00e9ditorial)<\/p>\n<p class=\"p4\"><b>\u00c9valuation des articles<\/b><\/p>\n<p class=\"p4\">Pour chaque num\u00e9ro th\u00e9matique, le comit\u00e9 de r\u00e9daction se charge de constituer un comit\u00e9 de lecture compos\u00e9 de chercheurs.ses reconnu.es dans ce domaine de recherche. Les articles sont donc \u00e9valu\u00e9s selon le mod\u00e8le du <i>peer review<\/i>, de mani\u00e8re anonyme.<\/p>\n<p class=\"p4\"><b>La question des droits d\u2019auteur<\/b><\/p>\n<p class=\"p4\">La revue <i>M\u00e9decine et Philosophie<\/i> adopte une politique de sciences ouvertes, ayant adopt\u00e9 une licence permettant aux auteurs de conserver la propri\u00e9t\u00e9 pleine et enti\u00e8re de leur article. En ce sens, en informant l\u2019\u00e9diteur et en garantissant la mention d\u2019une publication initiale dans la revue M\u00e9decine et Philosophie, les auteurs peuvent \u00e9ventuellement r\u00e9utiliser leur texte si n\u00e9cessaire.<\/p>\n<p class=\"p4\">L\u2019envoi d\u2019un document \u00e0 la r\u00e9daction sera interpr\u00e9t\u00e9 comme une autorisation implicite de diffusion sur le site. Le site de la revue affiche en d\u00e9tail la l\u00e9gislation \u00e9ditoriale.<\/p>\n<p class=\"p4\"><b>Articles recevables<\/b><\/p>\n<p class=\"p4\">Les articles soumis \u00e0 la revue sont \u00e9valu\u00e9s sur des crit\u00e8res de coh\u00e9rence et d\u2019argumentation, ainsi que sur leur int\u00e9r\u00eat th\u00e9matique. Ainsi, tout article bien argument\u00e9 portant, de pr\u00e8s ou de loin, \u00e0 la question de la sant\u00e9 sous l\u2019angle des sciences humaines et sociales (au sens large, comprenant par exemple le droit) sera recevable. Le comit\u00e9 de r\u00e9daction se penchera sur la rigueur et la pertinence des arguments d\u00e9velopp\u00e9s par rapport \u00e0 l\u2019objectif que se donne le texte.<\/p>\n<p class=\"p4\">Pour information, la grille d&rsquo;\u00e9valuation fournie aux relecteurs se compose de deux parties :<\/p>\n<ul class=\"ul1\">\n<li class=\"li4\"><span class=\"s1\">Evaluation du fond<\/span> :<br \/>Comprenant une appr\u00e9ciation sur l&rsquo;int\u00e9r\u00eat et l&rsquo;originalit\u00e9 scientifique du sujet, sur la qualit\u00e9 de l&rsquo;analyse, sur la rigueur et la m\u00e9thode, sur la qualit\u00e9 de l&rsquo;argumentation ainsi que sur la pertinence des r\u00e9f\u00e9rences.<\/li>\n<li class=\"li4\"><span class=\"s1\">Evaluation de la forme<\/span> :<br \/>Comprenant une appr\u00e9ciation sur la structure et l&rsquo;organisation, sur le style et la correction grammaticale et orthographique, ainsi que sur la clart\u00e9 et la lisibilit\u00e9 du texte.<\/li>\n<\/ul>\n<p>\u00a0<\/p>\n\n\n<p><\/p>\n","protected":false},"excerpt":{"rendered":"<p>\u00a0 Les propositions d\u2019articles spontan\u00e9es peuvent \u00eatre envoy\u00e9es \u00e0 l\u2019adresse suivante : medecineetphilosophie@gmail.com Ou au membre du comit\u00e9 de r\u00e9daction avec lequel vous avez d\u00e9j\u00e0 correspondu Page de titre Titre de l\u2019article (en fran\u00e7ais) R\u00e9sum\u00e9 d\u2019environ 250 mots (accept\u00e9s de<\/p>\n","protected":false},"author":1,"featured_media":0,"parent":299,"menu_order":2,"comment_status":"closed","ping_status":"closed","template":"","meta":[],"acf":[],"yoast_head":"<!-- This site is optimized with the Yoast SEO plugin v15.9.2 - https:\/\/yoast.com\/wordpress\/plugins\/seo\/ -->\n<title>Soumettre un article - Revue M\u00e9decine et Philosophie<\/title>\n<meta name=\"description\" content=\"Soumettre un article \u00e0 la revue M\u00e9decine et Philosophie : concernant la th\u00e9matique en cours ou selon un sujet libre\" \/>\n<meta name=\"robots\" content=\"index, follow, max-snippet:-1, max-image-preview:large, max-video-preview:-1\" \/>\n<link rel=\"canonical\" href=\"https:\/\/medecine-philosophie.com\/index.php\/proposer-un-article\/soumettre-un-article\/\" \/>\n<meta property=\"og:locale\" content=\"fr_FR\" \/>\n<meta property=\"og:type\" content=\"article\" \/>\n<meta property=\"og:title\" content=\"Soumettre un article - Revue M\u00e9decine et Philosophie\" \/>\n<meta property=\"og:description\" content=\"Soumettre un article \u00e0 la revue M\u00e9decine et Philosophie : concernant la th\u00e9matique en cours ou selon un sujet libre\" \/>\n<meta property=\"og:url\" content=\"https:\/\/medecine-philosophie.com\/index.php\/proposer-un-article\/soumettre-un-article\/\" \/>\n<meta property=\"og:site_name\" content=\"Revue M\u00e9decine et Philosophie\" \/>\n<meta property=\"article:publisher\" content=\"https:\/\/www.facebook.com\/Revue-M%c3%a9decine-et-Philosophie-1057556234396943\/\" \/>\n<meta property=\"article:modified_time\" content=\"2024-08-25T11:17:31+00:00\" \/>\n<meta name=\"twitter:card\" content=\"summary_large_image\" \/>\n<meta name=\"twitter:label1\" content=\"Dur\u00e9e de lecture est.\">\n\t<meta name=\"twitter:data1\" content=\"5 minutes\">\n<script type=\"application\/ld+json\" class=\"yoast-schema-graph\">{\"@context\":\"https:\/\/schema.org\",\"@graph\":[{\"@type\":\"Organization\",\"@id\":\"https:\/\/medecine-philosophie.com\/#organization\",\"name\":\"Revue M\\u00e9decine et Philosophie\",\"url\":\"https:\/\/medecine-philosophie.com\/\",\"sameAs\":[\"https:\/\/www.facebook.com\/Revue-M\\u00e9decine-et-Philosophie-1057556234396943\/\"],\"logo\":{\"@type\":\"ImageObject\",\"@id\":\"https:\/\/medecine-philosophie.com\/#logo\",\"inLanguage\":\"fr-FR\",\"url\":\"https:\/\/medecine-philosophie.com\/wp-content\/uploads\/2018\/04\/Revue-de-m\\u00e9decine-et-philosophie-pdf.jpg\",\"caption\":\"Revue M\\u00e9decine et Philosophie\"},\"image\":{\"@id\":\"https:\/\/medecine-philosophie.com\/#logo\"}},{\"@type\":\"WebSite\",\"@id\":\"https:\/\/medecine-philosophie.com\/#website\",\"url\":\"https:\/\/medecine-philosophie.com\/\",\"name\":\"Revue M\\u00e9decine et Philosophie\",\"description\":\"Revue interdisciplinaire\",\"publisher\":{\"@id\":\"https:\/\/medecine-philosophie.com\/#organization\"},\"potentialAction\":[{\"@type\":\"SearchAction\",\"target\":\"https:\/\/medecine-philosophie.com\/?s={search_term_string}\",\"query-input\":\"required name=search_term_string\"}],\"inLanguage\":\"fr-FR\"},{\"@type\":\"WebPage\",\"@id\":\"https:\/\/medecine-philosophie.com\/index.php\/proposer-un-article\/soumettre-un-article\/#webpage\",\"url\":\"https:\/\/medecine-philosophie.com\/index.php\/proposer-un-article\/soumettre-un-article\/\",\"name\":\"Soumettre un article - Revue M\\u00e9decine et Philosophie\",\"isPartOf\":{\"@id\":\"https:\/\/medecine-philosophie.com\/#website\"},\"datePublished\":\"2018-07-28T13:24:55+00:00\",\"dateModified\":\"2024-08-25T11:17:31+00:00\",\"description\":\"Soumettre un article \\u00e0 la revue M\\u00e9decine et Philosophie : concernant la th\\u00e9matique en cours ou selon un sujet libre\",\"breadcrumb\":{\"@id\":\"https:\/\/medecine-philosophie.com\/index.php\/proposer-un-article\/soumettre-un-article\/#breadcrumb\"},\"inLanguage\":\"fr-FR\",\"potentialAction\":[{\"@type\":\"ReadAction\",\"target\":[\"https:\/\/medecine-philosophie.com\/index.php\/proposer-un-article\/soumettre-un-article\/\"]}]},{\"@type\":\"BreadcrumbList\",\"@id\":\"https:\/\/medecine-philosophie.com\/index.php\/proposer-un-article\/soumettre-un-article\/#breadcrumb\",\"itemListElement\":[{\"@type\":\"ListItem\",\"position\":1,\"item\":{\"@type\":\"WebPage\",\"@id\":\"https:\/\/medecine-philosophie.com\/\",\"url\":\"https:\/\/medecine-philosophie.com\/\",\"name\":\"Accueil\"}},{\"@type\":\"ListItem\",\"position\":2,\"item\":{\"@type\":\"WebPage\",\"@id\":\"https:\/\/medecine-philosophie.com\/index.php\/proposer-un-article\/\",\"url\":\"https:\/\/medecine-philosophie.com\/index.php\/proposer-un-article\/\",\"name\":\"Proposer un article\"}},{\"@type\":\"ListItem\",\"position\":3,\"item\":{\"@type\":\"WebPage\",\"@id\":\"https:\/\/medecine-philosophie.com\/index.php\/proposer-un-article\/soumettre-un-article\/\",\"url\":\"https:\/\/medecine-philosophie.com\/index.php\/proposer-un-article\/soumettre-un-article\/\",\"name\":\"Soumettre un article\"}}]}]}<\/script>\n<!-- \/ Yoast SEO plugin. -->","_links":{"self":[{"href":"https:\/\/medecine-philosophie.com\/index.php\/wp-json\/wp\/v2\/pages\/293"}],"collection":[{"href":"https:\/\/medecine-philosophie.com\/index.php\/wp-json\/wp\/v2\/pages"}],"about":[{"href":"https:\/\/medecine-philosophie.com\/index.php\/wp-json\/wp\/v2\/types\/page"}],"author":[{"embeddable":true,"href":"https:\/\/medecine-philosophie.com\/index.php\/wp-json\/wp\/v2\/users\/1"}],"replies":[{"embeddable":true,"href":"https:\/\/medecine-philosophie.com\/index.php\/wp-json\/wp\/v2\/comments?post=293"}],"version-history":[{"count":6,"href":"https:\/\/medecine-philosophie.com\/index.php\/wp-json\/wp\/v2\/pages\/293\/revisions"}],"predecessor-version":[{"id":1641,"href":"https:\/\/medecine-philosophie.com\/index.php\/wp-json\/wp\/v2\/pages\/293\/revisions\/1641"}],"up":[{"embeddable":true,"href":"https:\/\/medecine-philosophie.com\/index.php\/wp-json\/wp\/v2\/pages\/299"}],"wp:attachment":[{"href":"https:\/\/medecine-philosophie.com\/index.php\/wp-json\/wp\/v2\/media?parent=293"}],"curies":[{"name":"wp","href":"https:\/\/api.w.org\/{rel}","templated":true}]}}