{"id":501,"date":"2019-12-29T20:42:20","date_gmt":"2019-12-29T19:42:20","guid":{"rendered":"http:\/\/medecine-philosophie.com\/?page_id=501"},"modified":"2023-10-25T23:12:14","modified_gmt":"2023-10-25T21:12:14","slug":"politique-de-publication","status":"publish","type":"page","link":"https:\/\/medecine-philosophie.com\/index.php\/a-propos-de\/politique-de-publication\/","title":{"rendered":"D\u00e9finition \u00e9ditoriale"},"content":{"rendered":"\n<h4>D\u00e9finition \u00e9ditoriale<\/h4>\n\n\n\n<p><strong>Titre<\/strong> : M\u00e9decine et Philosophie<\/p>\n\n\n\n<p><strong>ISSN format \u00e9lectronique<\/strong> : 2650-5614<\/p>\n\n\n\n<p><strong>ISSN papier<\/strong> : 2650-5614<\/p>\n\n\n\n<p><strong>P\u00e9riodicit\u00e9<\/strong> : publication semestrielle<\/p>\n\n\n\n<p><strong>Date de cr\u00e9ation<\/strong> : 2017<\/p>\n\n\n\n<h4>Politique de diffusion<\/h4>\n\n\n\n<p>Publication en libre acc\u00e8s (<em>open access<\/em>)<\/p>\n\n\n\n<p>Creative Commons \u2013 Attribution \u2013 Pas d\u2019Utilisation Commerciale \u2013 Pas de Modification 3.0 non transpos\u00e9 \u2013 CC BY-NC-ND 3.0<\/p>\n\n\n\n<h4>Politique sur les frais de publication<\/h4>\n\n\n\n<p><strong>Frais de publication<\/strong>&nbsp;: non<\/p>\n\n\n\n<p><strong>Frais de soumission<\/strong>&nbsp;: non<\/p>\n\n\n\n<p><strong>Respect des crit\u00e8res d\u2019exemplarit\u00e9<\/strong> du Plan National pour la Science Ouverte<\/p>\n\n\n\n<h4>Politique d\u2019\u00e9valuation<\/h4>\n\n\n\n<p><strong>Proc\u00e9dure d\u2019\u00e9valuation<\/strong>&nbsp;: \u00e9valuation en simple aveugle<\/p>\n\n\n\n<p><strong>D\u00e9lai moyen entre soumission et publication<\/strong>&nbsp;: 10 semaines<\/p>\n\n\n\n<p><em>La r\u00e9daction insiste sur l\u2019attention qu\u2019elle porte \u00e0 la fr\u00e9quence rigoureuse avec laquelle sont publi\u00e9s les num\u00e9ros semestriels.<\/em><\/p>\n","protected":false},"excerpt":{"rendered":"<p>D\u00e9finition \u00e9ditoriale Titre : M\u00e9decine et Philosophie ISSN format \u00e9lectronique : 2650-5614 ISSN papier : 2650-5614 P\u00e9riodicit\u00e9 : publication semestrielle Date de cr\u00e9ation : 2017 Politique de diffusion Publication en libre acc\u00e8s (open access) Creative Commons \u2013 Attribution \u2013 Pas<\/p>\n","protected":false},"author":1,"featured_media":0,"parent":8,"menu_order":1,"comment_status":"closed","ping_status":"closed","template":"","meta":[],"acf":[],"yoast_head":"<!-- This site is optimized with the Yoast SEO plugin v15.9.2 - https:\/\/yoast.com\/wordpress\/plugins\/seo\/ -->\n<title>D\u00e9finition \u00e9ditoriale - Revue M\u00e9decine et Philosophie<\/title>\n<meta name=\"robots\" content=\"index, follow, max-snippet:-1, max-image-preview:large, max-video-preview:-1\" \/>\n<link rel=\"canonical\" href=\"https:\/\/medecine-philosophie.com\/index.php\/a-propos-de\/politique-de-publication\/\" \/>\n<meta property=\"og:locale\" content=\"fr_FR\" \/>\n<meta property=\"og:type\" content=\"article\" \/>\n<meta property=\"og:title\" content=\"D\u00e9finition \u00e9ditoriale - Revue M\u00e9decine et Philosophie\" \/>\n<meta property=\"og:description\" content=\"D\u00e9finition \u00e9ditoriale Titre : M\u00e9decine et Philosophie ISSN format \u00e9lectronique : 2650-5614 ISSN papier : 2650-5614 P\u00e9riodicit\u00e9 : publication semestrielle Date de cr\u00e9ation : 2017 Politique de diffusion Publication en libre acc\u00e8s (open access) Creative Commons \u2013 Attribution \u2013 Pas\" \/>\n<meta property=\"og:url\" content=\"https:\/\/medecine-philosophie.com\/index.php\/a-propos-de\/politique-de-publication\/\" \/>\n<meta property=\"og:site_name\" content=\"Revue M\u00e9decine et Philosophie\" \/>\n<meta property=\"article:publisher\" content=\"https:\/\/www.facebook.com\/Revue-M%c3%a9decine-et-Philosophie-1057556234396943\/\" \/>\n<meta property=\"article:modified_time\" content=\"2023-10-25T21:12:14+00:00\" \/>\n<meta name=\"twitter:card\" content=\"summary_large_image\" \/>\n<meta name=\"twitter:label1\" content=\"Dur\u00e9e de lecture est.\">\n\t<meta name=\"twitter:data1\" content=\"1 minute\">\n<script type=\"application\/ld+json\" class=\"yoast-schema-graph\">{\"@context\":\"https:\/\/schema.org\",\"@graph\":[{\"@type\":\"Organization\",\"@id\":\"https:\/\/medecine-philosophie.com\/#organization\",\"name\":\"Revue M\\u00e9decine et Philosophie\",\"url\":\"https:\/\/medecine-philosophie.com\/\",\"sameAs\":[\"https:\/\/www.facebook.com\/Revue-M\\u00e9decine-et-Philosophie-1057556234396943\/\"],\"logo\":{\"@type\":\"ImageObject\",\"@id\":\"https:\/\/medecine-philosophie.com\/#logo\",\"inLanguage\":\"fr-FR\",\"url\":\"https:\/\/medecine-philosophie.com\/wp-content\/uploads\/2018\/04\/Revue-de-m\\u00e9decine-et-philosophie-pdf.jpg\",\"caption\":\"Revue M\\u00e9decine et Philosophie\"},\"image\":{\"@id\":\"https:\/\/medecine-philosophie.com\/#logo\"}},{\"@type\":\"WebSite\",\"@id\":\"https:\/\/medecine-philosophie.com\/#website\",\"url\":\"https:\/\/medecine-philosophie.com\/\",\"name\":\"Revue M\\u00e9decine et Philosophie\",\"description\":\"Revue interdisciplinaire\",\"publisher\":{\"@id\":\"https:\/\/medecine-philosophie.com\/#organization\"},\"potentialAction\":[{\"@type\":\"SearchAction\",\"target\":\"https:\/\/medecine-philosophie.com\/?s={search_term_string}\",\"query-input\":\"required name=search_term_string\"}],\"inLanguage\":\"fr-FR\"},{\"@type\":\"WebPage\",\"@id\":\"https:\/\/medecine-philosophie.com\/index.php\/a-propos-de\/politique-de-publication\/#webpage\",\"url\":\"https:\/\/medecine-philosophie.com\/index.php\/a-propos-de\/politique-de-publication\/\",\"name\":\"D\\u00e9finition \\u00e9ditoriale - Revue M\\u00e9decine et Philosophie\",\"isPartOf\":{\"@id\":\"https:\/\/medecine-philosophie.com\/#website\"},\"datePublished\":\"2019-12-29T19:42:20+00:00\",\"dateModified\":\"2023-10-25T21:12:14+00:00\",\"breadcrumb\":{\"@id\":\"https:\/\/medecine-philosophie.com\/index.php\/a-propos-de\/politique-de-publication\/#breadcrumb\"},\"inLanguage\":\"fr-FR\",\"potentialAction\":[{\"@type\":\"ReadAction\",\"target\":[\"https:\/\/medecine-philosophie.com\/index.php\/a-propos-de\/politique-de-publication\/\"]}]},{\"@type\":\"BreadcrumbList\",\"@id\":\"https:\/\/medecine-philosophie.com\/index.php\/a-propos-de\/politique-de-publication\/#breadcrumb\",\"itemListElement\":[{\"@type\":\"ListItem\",\"position\":1,\"item\":{\"@type\":\"WebPage\",\"@id\":\"https:\/\/medecine-philosophie.com\/\",\"url\":\"https:\/\/medecine-philosophie.com\/\",\"name\":\"Accueil\"}},{\"@type\":\"ListItem\",\"position\":2,\"item\":{\"@type\":\"WebPage\",\"@id\":\"https:\/\/medecine-philosophie.com\/index.php\/a-propos-de\/\",\"url\":\"https:\/\/medecine-philosophie.com\/index.php\/a-propos-de\/\",\"name\":\"A propos de la revue\"}},{\"@type\":\"ListItem\",\"position\":3,\"item\":{\"@type\":\"WebPage\",\"@id\":\"https:\/\/medecine-philosophie.com\/index.php\/a-propos-de\/politique-de-publication\/\",\"url\":\"https:\/\/medecine-philosophie.com\/index.php\/a-propos-de\/politique-de-publication\/\",\"name\":\"D\\u00e9finition \\u00e9ditoriale\"}}]}]}<\/script>\n<!-- \/ Yoast SEO plugin. -->","_links":{"self":[{"href":"https:\/\/medecine-philosophie.com\/index.php\/wp-json\/wp\/v2\/pages\/501"}],"collection":[{"href":"https:\/\/medecine-philosophie.com\/index.php\/wp-json\/wp\/v2\/pages"}],"about":[{"href":"https:\/\/medecine-philosophie.com\/index.php\/wp-json\/wp\/v2\/types\/page"}],"author":[{"embeddable":true,"href":"https:\/\/medecine-philosophie.com\/index.php\/wp-json\/wp\/v2\/users\/1"}],"replies":[{"embeddable":true,"href":"https:\/\/medecine-philosophie.com\/index.php\/wp-json\/wp\/v2\/comments?post=501"}],"version-history":[{"count":3,"href":"https:\/\/medecine-philosophie.com\/index.php\/wp-json\/wp\/v2\/pages\/501\/revisions"}],"predecessor-version":[{"id":1506,"href":"https:\/\/medecine-philosophie.com\/index.php\/wp-json\/wp\/v2\/pages\/501\/revisions\/1506"}],"up":[{"embeddable":true,"href":"https:\/\/medecine-philosophie.com\/index.php\/wp-json\/wp\/v2\/pages\/8"}],"wp:attachment":[{"href":"https:\/\/medecine-philosophie.com\/index.php\/wp-json\/wp\/v2\/media?parent=501"}],"curies":[{"name":"wp","href":"https:\/\/api.w.org\/{rel}","templated":true}]}}