{"id":53,"date":"2018-04-09T18:32:29","date_gmt":"2018-04-09T16:32:29","guid":{"rendered":"http:\/\/medecine-philosophie.com\/?page_id=53"},"modified":"2023-10-25T23:08:33","modified_gmt":"2023-10-25T21:08:33","slug":"ligne-editoriale","status":"publish","type":"page","link":"https:\/\/medecine-philosophie.com\/index.php\/accueil\/ligne-editoriale\/","title":{"rendered":"Ligne \u00e9ditoriale"},"content":{"rendered":"<p style=\"text-align: justify;\"><span style=\"font-family: 'times new roman', times, serif;\">C&rsquo;est pour contribuer \u00e0 la r\u00e9invention d&rsquo;une m\u00e9decine humaniste et en m\u00eame temps ancr\u00e9e dans le contexte scientifique de l&rsquo;\u00e9poque que la revue est ouverte aux articles qui r\u00e9pondent \u00e0 des exigences fortes :<\/span><\/p>\n<ul>\n<li style=\"text-align: justify;\"><span style=\"font-family: 'times new roman', times, serif;\">croiser les diff\u00e9rentes approches au sein des sciences humaines et sociales et la science m\u00e9dicale afin de d\u00e9cloisonner les savoirs. Cet enjeu fondamental de la revue s&rsquo;exprime par une confrontation des \u00e9laborations scientifiques et interdisciplinaires ;<\/span><\/li>\n<li style=\"text-align: justify;\"><span style=\"font-family: 'times new roman', times, serif;\">interroger les repr\u00e9sentations et les th\u00e9ories scientifiques sur l&rsquo;humain et le social, dans l&rsquo;optique de remettre en question et d&rsquo;appliquer le doute aux \u00e9vidences scientifiques ;<\/span><\/li>\n<li style=\"text-align: justify;\"><span style=\"font-family: 'times new roman', times, serif;\">valoriser les recherches empiriques m\u00e9thodologiquement solides qui analysent les pratiques. L\u2019exp\u00e9rience des acteurs est questionn\u00e9e au plus pr\u00e8s, impliquant tant les usagers que les acteurs du syst\u00e8me et des institutions, en tout ce que cela implique de complexe, de multiple et de contradictoire, m\u00ealant contraintes et cr\u00e9ativit\u00e9 ;<\/span><\/li>\n<li style=\"text-align: justify;\"><span style=\"font-family: 'times new roman', times, serif;\">repenser le changement et la participation du syst\u00e8me de sant\u00e9 au fil des donn\u00e9es empiriques et scientifiques actuelles, en repla\u00e7ant le sujet dans l&rsquo;intelligence du social. Les faits sociaux impliquant le sujet observateur de son soin ou le chercheur impliqu\u00e9 dans son \u00e9tude sont analys\u00e9s dans leurs interactions avec leur objet clinique ;<\/span><\/li>\n<li style=\"text-align: justify;\"><span style=\"font-family: 'times new roman', times, serif;\">d\u00e9caler le discours par la valorisation des diff\u00e9rents langages des sciences humaines et sociales, en restant ouvert \u00e0 toute sorte de sensibilit\u00e9, dans la conviction que le regard scientifique et exp\u00e9rientiel permet de voir autrement les ph\u00e9nom\u00e8nes humains et leurs implications m\u00e9dicales.<\/span><\/li>\n<\/ul>\n<p style=\"text-align: justify;\"><span style=\"font-family: 'times new roman', times, serif;\">L\u2019association de la rigueur d\u2019\u00e9valuation des publications et de la rapidit\u00e9 de traitement des articles constitue un avantage significatif sur les revues classiques. Son ind\u00e9pendance institutionnelle est revendiqu\u00e9e.<\/span><\/p>\n<p style=\"text-align: justify;\"><span style=\"font-family: 'times new roman', times, serif;\">Au del\u00e0 de cette approche plurielle, la revue s&rsquo;attache \u00e0 renouer un lien, de mani\u00e8re diachronique, entre les g\u00e9n\u00e9rations porteuses de savoir.<\/span><\/p>\n<p style=\"text-align: justify;\"><span style=\"font-family: 'times new roman', times, serif;\"><a href=\"http:\/\/medecine-philosophie.com\/index.php\/accueil\/un-projet-ambitieux-et-novateur\/\">En pratique, voici ce que propose la revue.<\/a><\/span><\/p>\n","protected":false},"excerpt":{"rendered":"<p>C&rsquo;est pour contribuer \u00e0 la r\u00e9invention d&rsquo;une m\u00e9decine humaniste et en m\u00eame temps ancr\u00e9e dans le contexte scientifique de l&rsquo;\u00e9poque que la revue est ouverte aux articles qui r\u00e9pondent \u00e0 des exigences fortes : croiser les diff\u00e9rentes approches au sein<\/p>\n","protected":false},"author":1,"featured_media":0,"parent":7,"menu_order":0,"comment_status":"closed","ping_status":"closed","template":"","meta":[],"acf":[],"yoast_head":"<!-- This site is optimized with the Yoast SEO plugin v15.9.2 - https:\/\/yoast.com\/wordpress\/plugins\/seo\/ -->\n<title>Ligne \u00e9ditoriale - Revue M\u00e9decine et Philosophie<\/title>\n<meta name=\"robots\" content=\"index, follow, max-snippet:-1, max-image-preview:large, max-video-preview:-1\" \/>\n<link rel=\"canonical\" href=\"https:\/\/medecine-philosophie.com\/index.php\/accueil\/ligne-editoriale\/\" \/>\n<meta property=\"og:locale\" content=\"fr_FR\" \/>\n<meta property=\"og:type\" content=\"article\" \/>\n<meta property=\"og:title\" content=\"Ligne \u00e9ditoriale - Revue M\u00e9decine et Philosophie\" \/>\n<meta property=\"og:description\" content=\"C&rsquo;est pour contribuer \u00e0 la r\u00e9invention d&rsquo;une m\u00e9decine humaniste et en m\u00eame temps ancr\u00e9e dans le contexte scientifique de l&rsquo;\u00e9poque que la revue est ouverte aux articles qui r\u00e9pondent \u00e0 des exigences fortes : croiser les diff\u00e9rentes approches au sein\" \/>\n<meta property=\"og:url\" content=\"https:\/\/medecine-philosophie.com\/index.php\/accueil\/ligne-editoriale\/\" \/>\n<meta property=\"og:site_name\" content=\"Revue M\u00e9decine et Philosophie\" \/>\n<meta property=\"article:publisher\" content=\"https:\/\/www.facebook.com\/Revue-M%c3%a9decine-et-Philosophie-1057556234396943\/\" \/>\n<meta property=\"article:modified_time\" content=\"2023-10-25T21:08:33+00:00\" \/>\n<meta name=\"twitter:card\" content=\"summary_large_image\" \/>\n<meta name=\"twitter:label1\" content=\"Dur\u00e9e de lecture est.\">\n\t<meta name=\"twitter:data1\" content=\"2 minutes\">\n<script type=\"application\/ld+json\" class=\"yoast-schema-graph\">{\"@context\":\"https:\/\/schema.org\",\"@graph\":[{\"@type\":\"Organization\",\"@id\":\"https:\/\/medecine-philosophie.com\/#organization\",\"name\":\"Revue M\\u00e9decine et Philosophie\",\"url\":\"https:\/\/medecine-philosophie.com\/\",\"sameAs\":[\"https:\/\/www.facebook.com\/Revue-M\\u00e9decine-et-Philosophie-1057556234396943\/\"],\"logo\":{\"@type\":\"ImageObject\",\"@id\":\"https:\/\/medecine-philosophie.com\/#logo\",\"inLanguage\":\"fr-FR\",\"url\":\"https:\/\/medecine-philosophie.com\/wp-content\/uploads\/2018\/04\/Revue-de-m\\u00e9decine-et-philosophie-pdf.jpg\",\"caption\":\"Revue M\\u00e9decine et Philosophie\"},\"image\":{\"@id\":\"https:\/\/medecine-philosophie.com\/#logo\"}},{\"@type\":\"WebSite\",\"@id\":\"https:\/\/medecine-philosophie.com\/#website\",\"url\":\"https:\/\/medecine-philosophie.com\/\",\"name\":\"Revue M\\u00e9decine et Philosophie\",\"description\":\"Revue interdisciplinaire\",\"publisher\":{\"@id\":\"https:\/\/medecine-philosophie.com\/#organization\"},\"potentialAction\":[{\"@type\":\"SearchAction\",\"target\":\"https:\/\/medecine-philosophie.com\/?s={search_term_string}\",\"query-input\":\"required name=search_term_string\"}],\"inLanguage\":\"fr-FR\"},{\"@type\":\"WebPage\",\"@id\":\"https:\/\/medecine-philosophie.com\/index.php\/accueil\/ligne-editoriale\/#webpage\",\"url\":\"https:\/\/medecine-philosophie.com\/index.php\/accueil\/ligne-editoriale\/\",\"name\":\"Ligne \\u00e9ditoriale - Revue M\\u00e9decine et Philosophie\",\"isPartOf\":{\"@id\":\"https:\/\/medecine-philosophie.com\/#website\"},\"datePublished\":\"2018-04-09T16:32:29+00:00\",\"dateModified\":\"2023-10-25T21:08:33+00:00\",\"breadcrumb\":{\"@id\":\"https:\/\/medecine-philosophie.com\/index.php\/accueil\/ligne-editoriale\/#breadcrumb\"},\"inLanguage\":\"fr-FR\",\"potentialAction\":[{\"@type\":\"ReadAction\",\"target\":[\"https:\/\/medecine-philosophie.com\/index.php\/accueil\/ligne-editoriale\/\"]}]},{\"@type\":\"BreadcrumbList\",\"@id\":\"https:\/\/medecine-philosophie.com\/index.php\/accueil\/ligne-editoriale\/#breadcrumb\",\"itemListElement\":[{\"@type\":\"ListItem\",\"position\":1,\"item\":{\"@type\":\"WebPage\",\"@id\":\"https:\/\/medecine-philosophie.com\/\",\"url\":\"https:\/\/medecine-philosophie.com\/\",\"name\":\"Accueil\"}},{\"@type\":\"ListItem\",\"position\":2,\"item\":{\"@type\":\"WebPage\",\"@id\":\"https:\/\/medecine-philosophie.com\/\",\"url\":\"https:\/\/medecine-philosophie.com\/\",\"name\":\"Accueil\"}},{\"@type\":\"ListItem\",\"position\":3,\"item\":{\"@type\":\"WebPage\",\"@id\":\"https:\/\/medecine-philosophie.com\/index.php\/accueil\/ligne-editoriale\/\",\"url\":\"https:\/\/medecine-philosophie.com\/index.php\/accueil\/ligne-editoriale\/\",\"name\":\"Ligne \\u00e9ditoriale\"}}]}]}<\/script>\n<!-- \/ Yoast SEO plugin. -->","_links":{"self":[{"href":"https:\/\/medecine-philosophie.com\/index.php\/wp-json\/wp\/v2\/pages\/53"}],"collection":[{"href":"https:\/\/medecine-philosophie.com\/index.php\/wp-json\/wp\/v2\/pages"}],"about":[{"href":"https:\/\/medecine-philosophie.com\/index.php\/wp-json\/wp\/v2\/types\/page"}],"author":[{"embeddable":true,"href":"https:\/\/medecine-philosophie.com\/index.php\/wp-json\/wp\/v2\/users\/1"}],"replies":[{"embeddable":true,"href":"https:\/\/medecine-philosophie.com\/index.php\/wp-json\/wp\/v2\/comments?post=53"}],"version-history":[{"count":2,"href":"https:\/\/medecine-philosophie.com\/index.php\/wp-json\/wp\/v2\/pages\/53\/revisions"}],"predecessor-version":[{"id":1503,"href":"https:\/\/medecine-philosophie.com\/index.php\/wp-json\/wp\/v2\/pages\/53\/revisions\/1503"}],"up":[{"embeddable":true,"href":"https:\/\/medecine-philosophie.com\/index.php\/wp-json\/wp\/v2\/pages\/7"}],"wp:attachment":[{"href":"https:\/\/medecine-philosophie.com\/index.php\/wp-json\/wp\/v2\/media?parent=53"}],"curies":[{"name":"wp","href":"https:\/\/api.w.org\/{rel}","templated":true}]}}