{"id":56,"date":"2018-04-09T19:06:58","date_gmt":"2018-04-09T17:06:58","guid":{"rendered":"http:\/\/medecine-philosophie.com\/?page_id=56"},"modified":"2024-01-25T12:43:46","modified_gmt":"2024-01-25T11:43:46","slug":"un-projet-ambitieux-et-novateur","status":"publish","type":"page","link":"https:\/\/medecine-philosophie.com\/index.php\/accueil\/un-projet-ambitieux-et-novateur\/","title":{"rendered":"Projet de la revue"},"content":{"rendered":"<h4><span class=\"spe_titre\">Un projet ambitieux et novateur<\/span><\/h4>\n<p style=\"text-align: justify;\">La revue a pour fin de promouvoir et valoriser le d\u00e9bat intellectuel autour de th\u00e8mes m\u00e9dicaux d\u2019actualit\u00e9, en permettant que ceux-ci ne restent pas cloisonn\u00e9s dans une vision m\u00e9dicale unique. \u00c0 travers la vectorisation d&rsquo;une th\u00e9matique propos\u00e9e aux auteur.es, un corpus de textes se forme en abordant des points de vue multiples, \u00e0 destination des universitaires comme du grand public. En ce sens, la revue <em>M\u00e9decine et Philosophie<\/em> reste libre, gratuite, et enti\u00e8rement consultable sur Internet. \u00c0 la saturation de ces faisceaux de convergence, chaque num\u00e9ro rassemble les \u00e9l\u00e9ments provenant de diff\u00e9rentes disciplines autour du th\u00e8me-pilote.<\/p>\n<p style=\"text-align: justify;\">L\u2019association de la rigueur d\u2019\u00e9valuation des publications et de la rapidit\u00e9 de traitement des articles constitue un avantage significatif sur les revues classiques. La r\u00e9daction pourra \u00e9galement traiter de demandes spontan\u00e9es provenant d\u2019auteurs travaillant en dehors de la th\u00e9matique propos\u00e9e, dans une rubrique Varia.<\/p>\n<p style=\"text-align: justify;\"><!--a href=\"https:\/\/medecine-philosophie.com\/index.php\/accueil\/diffusion-et-debats\/\"--><a href=\"https:\/\/medecine-philosophie.com\/index.php\/accueil\/diffusion-et-debats\/\">Pour que cette communication se r\u00e9alise, voici les moyens pratiques mis en oeuvre<span class=\"spe_titre\"> &#8230;<\/span><\/a><\/p>\n","protected":false},"excerpt":{"rendered":"<p>Un projet ambitieux et novateur La revue a pour fin de promouvoir et valoriser le d\u00e9bat intellectuel autour de th\u00e8mes m\u00e9dicaux d\u2019actualit\u00e9, en permettant que ceux-ci ne restent pas cloisonn\u00e9s dans une vision m\u00e9dicale unique. \u00c0 travers la vectorisation d&rsquo;une<\/p>\n","protected":false},"author":1,"featured_media":0,"parent":7,"menu_order":2,"comment_status":"closed","ping_status":"closed","template":"","meta":[],"acf":[],"yoast_head":"<!-- This site is optimized with the Yoast SEO plugin v15.9.2 - https:\/\/yoast.com\/wordpress\/plugins\/seo\/ -->\n<title>Projet de la revue - Revue M\u00e9decine et Philosophie<\/title>\n<meta name=\"robots\" content=\"index, follow, max-snippet:-1, max-image-preview:large, max-video-preview:-1\" \/>\n<link rel=\"canonical\" href=\"https:\/\/medecine-philosophie.com\/index.php\/accueil\/un-projet-ambitieux-et-novateur\/\" \/>\n<meta property=\"og:locale\" content=\"fr_FR\" \/>\n<meta property=\"og:type\" content=\"article\" \/>\n<meta property=\"og:title\" content=\"Projet de la revue - Revue M\u00e9decine et Philosophie\" \/>\n<meta property=\"og:description\" content=\"Un projet ambitieux et novateur La revue a pour fin de promouvoir et valoriser le d\u00e9bat intellectuel autour de th\u00e8mes m\u00e9dicaux d\u2019actualit\u00e9, en permettant que ceux-ci ne restent pas cloisonn\u00e9s dans une vision m\u00e9dicale unique. \u00c0 travers la vectorisation d&rsquo;une\" \/>\n<meta property=\"og:url\" content=\"https:\/\/medecine-philosophie.com\/index.php\/accueil\/un-projet-ambitieux-et-novateur\/\" \/>\n<meta property=\"og:site_name\" content=\"Revue M\u00e9decine et Philosophie\" \/>\n<meta property=\"article:publisher\" content=\"https:\/\/www.facebook.com\/Revue-M%c3%a9decine-et-Philosophie-1057556234396943\/\" \/>\n<meta property=\"article:modified_time\" content=\"2024-01-25T11:43:46+00:00\" \/>\n<meta name=\"twitter:card\" content=\"summary_large_image\" \/>\n<meta name=\"twitter:label1\" content=\"Dur\u00e9e de lecture est.\">\n\t<meta name=\"twitter:data1\" content=\"1 minute\">\n<script type=\"application\/ld+json\" class=\"yoast-schema-graph\">{\"@context\":\"https:\/\/schema.org\",\"@graph\":[{\"@type\":\"Organization\",\"@id\":\"https:\/\/medecine-philosophie.com\/#organization\",\"name\":\"Revue M\\u00e9decine et Philosophie\",\"url\":\"https:\/\/medecine-philosophie.com\/\",\"sameAs\":[\"https:\/\/www.facebook.com\/Revue-M\\u00e9decine-et-Philosophie-1057556234396943\/\"],\"logo\":{\"@type\":\"ImageObject\",\"@id\":\"https:\/\/medecine-philosophie.com\/#logo\",\"inLanguage\":\"fr-FR\",\"url\":\"https:\/\/medecine-philosophie.com\/wp-content\/uploads\/2018\/04\/Revue-de-m\\u00e9decine-et-philosophie-pdf.jpg\",\"caption\":\"Revue M\\u00e9decine et Philosophie\"},\"image\":{\"@id\":\"https:\/\/medecine-philosophie.com\/#logo\"}},{\"@type\":\"WebSite\",\"@id\":\"https:\/\/medecine-philosophie.com\/#website\",\"url\":\"https:\/\/medecine-philosophie.com\/\",\"name\":\"Revue M\\u00e9decine et Philosophie\",\"description\":\"Revue interdisciplinaire\",\"publisher\":{\"@id\":\"https:\/\/medecine-philosophie.com\/#organization\"},\"potentialAction\":[{\"@type\":\"SearchAction\",\"target\":\"https:\/\/medecine-philosophie.com\/?s={search_term_string}\",\"query-input\":\"required name=search_term_string\"}],\"inLanguage\":\"fr-FR\"},{\"@type\":\"WebPage\",\"@id\":\"https:\/\/medecine-philosophie.com\/index.php\/accueil\/un-projet-ambitieux-et-novateur\/#webpage\",\"url\":\"https:\/\/medecine-philosophie.com\/index.php\/accueil\/un-projet-ambitieux-et-novateur\/\",\"name\":\"Projet de la revue - Revue M\\u00e9decine et Philosophie\",\"isPartOf\":{\"@id\":\"https:\/\/medecine-philosophie.com\/#website\"},\"datePublished\":\"2018-04-09T17:06:58+00:00\",\"dateModified\":\"2024-01-25T11:43:46+00:00\",\"breadcrumb\":{\"@id\":\"https:\/\/medecine-philosophie.com\/index.php\/accueil\/un-projet-ambitieux-et-novateur\/#breadcrumb\"},\"inLanguage\":\"fr-FR\",\"potentialAction\":[{\"@type\":\"ReadAction\",\"target\":[\"https:\/\/medecine-philosophie.com\/index.php\/accueil\/un-projet-ambitieux-et-novateur\/\"]}]},{\"@type\":\"BreadcrumbList\",\"@id\":\"https:\/\/medecine-philosophie.com\/index.php\/accueil\/un-projet-ambitieux-et-novateur\/#breadcrumb\",\"itemListElement\":[{\"@type\":\"ListItem\",\"position\":1,\"item\":{\"@type\":\"WebPage\",\"@id\":\"https:\/\/medecine-philosophie.com\/\",\"url\":\"https:\/\/medecine-philosophie.com\/\",\"name\":\"Accueil\"}},{\"@type\":\"ListItem\",\"position\":2,\"item\":{\"@type\":\"WebPage\",\"@id\":\"https:\/\/medecine-philosophie.com\/\",\"url\":\"https:\/\/medecine-philosophie.com\/\",\"name\":\"Accueil\"}},{\"@type\":\"ListItem\",\"position\":3,\"item\":{\"@type\":\"WebPage\",\"@id\":\"https:\/\/medecine-philosophie.com\/index.php\/accueil\/un-projet-ambitieux-et-novateur\/\",\"url\":\"https:\/\/medecine-philosophie.com\/index.php\/accueil\/un-projet-ambitieux-et-novateur\/\",\"name\":\"Projet de la revue\"}}]}]}<\/script>\n<!-- \/ Yoast SEO plugin. -->","_links":{"self":[{"href":"https:\/\/medecine-philosophie.com\/index.php\/wp-json\/wp\/v2\/pages\/56"}],"collection":[{"href":"https:\/\/medecine-philosophie.com\/index.php\/wp-json\/wp\/v2\/pages"}],"about":[{"href":"https:\/\/medecine-philosophie.com\/index.php\/wp-json\/wp\/v2\/types\/page"}],"author":[{"embeddable":true,"href":"https:\/\/medecine-philosophie.com\/index.php\/wp-json\/wp\/v2\/users\/1"}],"replies":[{"embeddable":true,"href":"https:\/\/medecine-philosophie.com\/index.php\/wp-json\/wp\/v2\/comments?post=56"}],"version-history":[{"count":5,"href":"https:\/\/medecine-philosophie.com\/index.php\/wp-json\/wp\/v2\/pages\/56\/revisions"}],"predecessor-version":[{"id":1549,"href":"https:\/\/medecine-philosophie.com\/index.php\/wp-json\/wp\/v2\/pages\/56\/revisions\/1549"}],"up":[{"embeddable":true,"href":"https:\/\/medecine-philosophie.com\/index.php\/wp-json\/wp\/v2\/pages\/7"}],"wp:attachment":[{"href":"https:\/\/medecine-philosophie.com\/index.php\/wp-json\/wp\/v2\/media?parent=56"}],"curies":[{"name":"wp","href":"https:\/\/api.w.org\/{rel}","templated":true}]}}