{"id":64,"date":"2018-04-09T19:10:20","date_gmt":"2018-04-09T17:10:20","guid":{"rendered":"http:\/\/medecine-philosophie.com\/?page_id=64"},"modified":"2019-12-29T21:32:45","modified_gmt":"2019-12-29T20:32:45","slug":"mentions-legales","status":"publish","type":"page","link":"https:\/\/medecine-philosophie.com\/index.php\/a-propos-de\/mentions-legales\/","title":{"rendered":"Mentions l\u00e9gales et \u00e9thiques"},"content":{"rendered":"<p><strong>Conditions d\u2019utilisation du contenu du site Revue de M\u00e9decine et Philosophie (ISSN : 2650-5614)<\/strong><\/p>\n<p>Cette revue \u00e9lectronique est \u00e9galement publi\u00e9e au format papier via le Centre Litt\u00e9raire d\u2019Impression Proven\u00e7al :<\/p>\n<ul>\n<li><span class=\"indic\">Adresse :<\/span>\u00a0ZAC Les Pielettes, Immeuble Librarium, Chemin de la Cride 13740 Le Rove, FRANCE \/\u00a0<a href=\"http:\/\/web.archive.org\/web\/20191111121417\/tel:+33491650501\"><span class=\"bigger\">04 91 65 05 01 \/\u00a0<\/span><\/a><span class=\"bigger\"><a class=\"iframe email\" href=\"http:\/\/web.archive.org\/web\/20191111121417\/http:\/\/www.imprimerieclip.fr\/demande-contact.html\">contact@imprimerieclip.com<\/a><\/span><\/li>\n<li>Lien web :\u00a0http:\/\/www.imprimerieclip.fr<\/li>\n<\/ul>\n<h3><strong>Statut<\/strong><\/h3>\n<p>La revue M\u00e9decine et Philosophie est support\u00e9e par l\u2019Association loi 1901 du m\u00eame nom, revendiquant son ind\u00e9pendance vis-\u00e0-vis de tout laboratoire de recherche et permettant l\u2019ouverture \u00e0 tout d\u00e9bat. L\u2019association est localis\u00e9e au 1 rue Moli\u00e8re, 38000 Grenoble, FRANCE.<\/p>\n<h3><strong>Informations<\/strong><\/h3>\n<p>Les utilisateurs du site de la revue M\u00e9decine et Philosophie peuvent t\u00e9l\u00e9charger et imprimer pour leur usage priv\u00e9 les articles qu\u2019ils souhaitent, dans la mesure o\u00f9 ils poursuivent des fins de recherche, d\u2019\u00e9tude ou de formation. Il est strictement interdit d\u2019exploiter de fa\u00e7on commerciale et publicitaire le contenu du site.<\/p>\n<h3><strong>Cr\u00e9ation de liens vers le site de la revue\u00a0<\/strong><\/h3>\n<p>La revue M\u00e9decine et Philosophie\u00a0autorise la mise en place de liens hypertextes pointant vers son contenu dans la mesure o\u00f9 ils ne portent pas pr\u00e9judice \u00e0 l\u2019image de la revue.<\/p>\n<h3><strong>Respect du droit d\u2019auteur<\/strong><\/h3>\n<p>Un document intitul\u00e9 \u00ab\u00a0Cession de droit d\u2019auteur \u00e0 titre non exclusif\u00a0\u00bb est sign\u00e9 entre le Directeur de Publication et l\u2019Auteur. L\u2019acc\u00e8s aux articles est libre et gratuit. Les internautes peuvent consulter l\u2019int\u00e9gralit\u00e9 des articles et des dossiers publi\u00e9s sur le site Revue de M\u00e9decine et Philosophie. Cependant, il est rappel\u00e9 que les articles, ainsi que les autres contributions ou les bases de donn\u00e9es sont couverts par le droit d\u2019auteur et sont la propri\u00e9t\u00e9 de leurs auteurs. Les articles restent la propri\u00e9t\u00e9 de leur auteur respectif. Il est interdit de reproduire un article publi\u00e9 sur le site sans l\u2019accord pr\u00e9alable de son auteur. La demande de reproduction doit \u00eatre adress\u00e9e \u00e0 la r\u00e9daction (<u>medecineetphilosophie@gmail.com<\/u>), qui transmettra \u00e0 l\u2019auteur dans les plus brefs d\u00e9lais. Le journal permet \u00e0 l\u2019auteur (aux auteurs) de d\u00e9tenir le droit d\u2019auteur sans restrictions. Les textes sont prot\u00e9g\u00e9s par le code de la propri\u00e9t\u00e9 intellectuelle. Toute reproduction est interdite sans l\u2019autorisation expresse de l\u2019auteur.<\/p>\n<p>Extraits du code de la Propri\u00e9t\u00e9 intellectuelle :<\/p>\n<ul>\n<li>Art L.335-2<br \/>\nLoi n\u00b094-102 du 5 f\u00e9vrier 1994 art.1 Journal officiel du 8 f\u00e9vrier 1994<br \/>\nLoi n\u00b098-536 du 1 juillet 1998 art. 4 Journal officiel du 2 juillet 1998<\/li>\n<li>Art L 335-3<br \/>\nLoi n\u00b094-361 du 10 mai 1994 art. 8 Journal officiel du 11 mai 1994<br \/>\nOrdonnance 2000-916 du 19 septembre 2000 Jo du 1er Janvier 2001<\/li>\n<\/ul>\n<p>Les utilisateurs doivent associer aux articles qu\u2019ils citent les \u00e9l\u00e9ments bibliographiques permettant de l\u2019identifier sans ambigu\u00eft\u00e9, et notamment faire mention du nom de l\u2019auteur \u00a0et de la Revue de M\u00e9decine et Philosophie.<\/p>\n<p>Pour toute information compl\u00e9mentaire sur les droits relatifs \u00e0 la publication :<\/p>\n<div class=\"page\" title=\"Page 11\">\n<div class=\"layoutArea\">\n<div class=\"column\">\n<ul>\n<li>Ce\u0301line Barthonnat, Ce\u0301cile Beauchamps, Odile Contat, Anne-Laure Ste\u0301rin et Ce\u0301line Vautrin, Recommandations et aspects juridiques relatifs a\u0300 la cre\u0301ation et a\u0300 la diffusion d\u2019une revue scientifique, V1, fe\u0301vrier 2019, p. 1-10<\/li>\n<li>http:\/\/www.cnrs.fr\/inshs\/recherche\/ist\/soutien-revues.htm.<\/li>\n<\/ul>\n<div class=\"layoutArea\">\n<div class=\"column\">\n<ul>\n<li>Site web de l\u2019Institut national de la proprie\u0301te\u0301 industrielle.<\/li>\n<li>De plus, les r\u00e8gles ortho-typographiques sont respect\u00e9es selon les principales crit\u00e8res de la langue fran\u00e7aise ; la revue fait r\u00e9f\u00e9rence \u00e0 leur description par Perrousseaux (2010).<\/li>\n<\/ul>\n<\/div>\n<\/div>\n<h3><strong>\u00c9thique<\/strong><\/h3>\n<p>La revue M\u00e9decine et Philosophie s\u2019attache \u00e0 respecter :<\/p>\n<ul>\n<li>Les principes \u00e9thiques applicables \u00e0 la recherche m\u00e9dicale impliquant des \u00eatres humains \u2013 D\u00e9claration d\u2019Helskinki, disponible sur https:\/\/www.wma.net\/fr\/policies-post\/declaration-dhelsinki-de-lamm-principes-ethiques-applicables-a-la-recherche-medicale-impliquant-des-etres-humains\/ ;<\/li>\n<li>Les recommandations sur les politiques d\u2019\u00e9thique de publication des revues m\u00e9dicales \u2013 WAME Publication Ethics Committee, qui portent sur les conflit d\u2019int\u00e9r\u00eats, la conception et l\u2019\u00e9thique de l\u2019\u00e9tude m\u00e9dicale, les droits d\u2019auteur, l\u2019examen par les pairs, les d\u00e9cisions \u00e9ditoriales, les relations avec les m\u00e9dias et la lutte contre le plagiat ;<\/li>\n<li>Les guidelines destin\u00e9es \u00e0 promouvoir l\u2019int\u00e9grit\u00e9 dans la recherche et dans sa publication \u2013 COPE, pour Committee on Publication Ethics, disponible sur https:\/\/publicationethics.org\/guidance\/Guidelines.<\/li>\n<\/ul>\n<\/div>\n<\/div>\n<\/div>\n<h3><strong>Fonds et charges \/ restriction<\/strong><\/h3>\n<p>Aucune demande de fonds (aucun \u00ab\u00a0article processing charges\u00a0\u00bb, APCs) n\u2019est demand\u00e9e aux auteurs. Aucune charge n\u2019est non plus demand\u00e9e. Aucune restriction n\u2019est mise en place (par exemple, digital archiving policy). Une demande \u00e0 Sherpa\/Romeo a \u00e9t\u00e9 effectu\u00e9e. La revue est en conformation avec la\u00a0<strong>licence Creative Commons CC BY-NC<\/strong>.<\/p>\n<h3><strong>Illustrations<\/strong><\/h3>\n<p>Les images illustrant les articles sont \u00e9galement prot\u00e9g\u00e9es par le code de la propri\u00e9t\u00e9 intellectuelle. Il est n\u00e9cessaire de respecter les conditions d\u2019utilisations (Creative commons, images libres de droits\u2026) et le cas \u00e9ch\u00e9ant, de prendre contact directement avec l\u2019artiste pour obtenir le droit d\u2019utiliser l\u2019image. L\u2019association d\u2019une image au texte ne refl\u00e8te pas n\u00e9cessairement la position de l\u2019artiste sur la th\u00e8se d\u00e9fendue dans l\u2019article.<\/p>\n<h3><strong>Protection des donn\u00e9es personnelles<\/strong><\/h3>\n<p>Aucune information personnelle n\u2019est c\u00e9d\u00e9e \u00e0 des tiers. Un screening permettant d\u2019\u00e9viter le plagiat est mis en place gr\u00e2ce \u00e0 un logiciel sp\u00e9cialis\u00e9.<\/p>\n<h3><strong>Donn\u00e9es statistiques<\/strong><\/h3>\n<p>La politique d\u2019archivage num\u00e9rique utilis\u00e9e sera CLOCKSS \/ LOCKSS apr\u00e8s son enregistrement sur la plateforme correspondante. Un certain nombre de donn\u00e9es statistiques (nombre de pages vues, fr\u00e9quence des retours\u2026.) sont collect\u00e9es par le serveur \u00e0 chaque connexion. Toutefois, les adresses IP sont effac\u00e9es quotidiennement.<\/p>\n<h3><strong>Liste de diffusion<\/strong><\/h3>\n<p>Les adresses \u00e9lectroniques recueillies dans le cadre de la liste de diffusion ne sont utilis\u00e9es qu\u2019\u00e0 des fins d\u2019informations. Chaque mail contient un lien permettant de se d\u00e9sinscrire \u00e0 tout moment.<\/p>\n<h3><strong>Commentaires<\/strong><\/h3>\n<p>Les adresses \u00e9lectroniques ou toute autre information personnelle dont le site de la revue M\u00e9decine et Philosophie serait d\u00e9positaire ne feront l\u2019objet d\u2019aucune forme d\u2019exploitation. Un mod\u00e9rateur est susceptible d\u2019enlever, avant sa diffusion, un commentaire sans rapport avec la discussion engag\u00e9e ou contraire \u00e0 la loi. L\u2019utilisateur a un droit d\u2019acc\u00e8s, de modification, de correction et de suppression des commentaires le concernant ou dont il est l\u2019auteur.<\/p>\n<p><strong>Ce site est h\u00e9berg\u00e9 par OVH,<\/strong><\/p>\n<p>2 rue Kellermann<\/p>\n<p>59100 Roubaix<\/p>\n<p>France.<\/p>\n","protected":false},"excerpt":{"rendered":"<p>Conditions d\u2019utilisation du contenu du site Revue de M\u00e9decine et Philosophie (ISSN : 2650-5614) Cette revue \u00e9lectronique est \u00e9galement publi\u00e9e au format papier via le Centre Litt\u00e9raire d\u2019Impression Proven\u00e7al : Adresse :\u00a0ZAC Les Pielettes, Immeuble Librarium, Chemin de la Cride<\/p>\n","protected":false},"author":1,"featured_media":0,"parent":8,"menu_order":2,"comment_status":"closed","ping_status":"closed","template":"","meta":[],"acf":[],"yoast_head":"<!-- This site is optimized with the Yoast SEO plugin v15.9.2 - https:\/\/yoast.com\/wordpress\/plugins\/seo\/ -->\n<title>Mentions l\u00e9gales et \u00e9thiques - Revue M\u00e9decine et Philosophie<\/title>\n<meta name=\"robots\" content=\"index, follow, max-snippet:-1, max-image-preview:large, max-video-preview:-1\" \/>\n<link rel=\"canonical\" href=\"https:\/\/medecine-philosophie.com\/index.php\/a-propos-de\/mentions-legales\/\" \/>\n<meta property=\"og:locale\" content=\"fr_FR\" \/>\n<meta property=\"og:type\" content=\"article\" \/>\n<meta property=\"og:title\" content=\"Mentions l\u00e9gales et \u00e9thiques - Revue M\u00e9decine et Philosophie\" \/>\n<meta property=\"og:description\" content=\"Conditions d\u2019utilisation du contenu du site Revue de M\u00e9decine et Philosophie (ISSN : 2650-5614) Cette revue \u00e9lectronique est \u00e9galement publi\u00e9e au format papier via le Centre Litt\u00e9raire d\u2019Impression Proven\u00e7al : Adresse :\u00a0ZAC Les Pielettes, Immeuble Librarium, Chemin de la Cride\" \/>\n<meta property=\"og:url\" content=\"https:\/\/medecine-philosophie.com\/index.php\/a-propos-de\/mentions-legales\/\" \/>\n<meta property=\"og:site_name\" content=\"Revue M\u00e9decine et Philosophie\" \/>\n<meta property=\"article:publisher\" content=\"https:\/\/www.facebook.com\/Revue-M%c3%a9decine-et-Philosophie-1057556234396943\/\" \/>\n<meta property=\"article:modified_time\" content=\"2019-12-29T20:32:45+00:00\" \/>\n<meta name=\"twitter:card\" content=\"summary_large_image\" \/>\n<meta name=\"twitter:label1\" content=\"Dur\u00e9e de lecture est.\">\n\t<meta name=\"twitter:data1\" content=\"5 minutes\">\n<script type=\"application\/ld+json\" class=\"yoast-schema-graph\">{\"@context\":\"https:\/\/schema.org\",\"@graph\":[{\"@type\":\"Organization\",\"@id\":\"https:\/\/medecine-philosophie.com\/#organization\",\"name\":\"Revue M\\u00e9decine et Philosophie\",\"url\":\"https:\/\/medecine-philosophie.com\/\",\"sameAs\":[\"https:\/\/www.facebook.com\/Revue-M\\u00e9decine-et-Philosophie-1057556234396943\/\"],\"logo\":{\"@type\":\"ImageObject\",\"@id\":\"https:\/\/medecine-philosophie.com\/#logo\",\"inLanguage\":\"fr-FR\",\"url\":\"https:\/\/medecine-philosophie.com\/wp-content\/uploads\/2018\/04\/Revue-de-m\\u00e9decine-et-philosophie-pdf.jpg\",\"caption\":\"Revue M\\u00e9decine et Philosophie\"},\"image\":{\"@id\":\"https:\/\/medecine-philosophie.com\/#logo\"}},{\"@type\":\"WebSite\",\"@id\":\"https:\/\/medecine-philosophie.com\/#website\",\"url\":\"https:\/\/medecine-philosophie.com\/\",\"name\":\"Revue M\\u00e9decine et Philosophie\",\"description\":\"Revue interdisciplinaire\",\"publisher\":{\"@id\":\"https:\/\/medecine-philosophie.com\/#organization\"},\"potentialAction\":[{\"@type\":\"SearchAction\",\"target\":\"https:\/\/medecine-philosophie.com\/?s={search_term_string}\",\"query-input\":\"required name=search_term_string\"}],\"inLanguage\":\"fr-FR\"},{\"@type\":\"WebPage\",\"@id\":\"https:\/\/medecine-philosophie.com\/index.php\/a-propos-de\/mentions-legales\/#webpage\",\"url\":\"https:\/\/medecine-philosophie.com\/index.php\/a-propos-de\/mentions-legales\/\",\"name\":\"Mentions l\\u00e9gales et \\u00e9thiques - Revue M\\u00e9decine et Philosophie\",\"isPartOf\":{\"@id\":\"https:\/\/medecine-philosophie.com\/#website\"},\"datePublished\":\"2018-04-09T17:10:20+00:00\",\"dateModified\":\"2019-12-29T20:32:45+00:00\",\"breadcrumb\":{\"@id\":\"https:\/\/medecine-philosophie.com\/index.php\/a-propos-de\/mentions-legales\/#breadcrumb\"},\"inLanguage\":\"fr-FR\",\"potentialAction\":[{\"@type\":\"ReadAction\",\"target\":[\"https:\/\/medecine-philosophie.com\/index.php\/a-propos-de\/mentions-legales\/\"]}]},{\"@type\":\"BreadcrumbList\",\"@id\":\"https:\/\/medecine-philosophie.com\/index.php\/a-propos-de\/mentions-legales\/#breadcrumb\",\"itemListElement\":[{\"@type\":\"ListItem\",\"position\":1,\"item\":{\"@type\":\"WebPage\",\"@id\":\"https:\/\/medecine-philosophie.com\/\",\"url\":\"https:\/\/medecine-philosophie.com\/\",\"name\":\"Accueil\"}},{\"@type\":\"ListItem\",\"position\":2,\"item\":{\"@type\":\"WebPage\",\"@id\":\"https:\/\/medecine-philosophie.com\/index.php\/a-propos-de\/\",\"url\":\"https:\/\/medecine-philosophie.com\/index.php\/a-propos-de\/\",\"name\":\"A propos de la revue\"}},{\"@type\":\"ListItem\",\"position\":3,\"item\":{\"@type\":\"WebPage\",\"@id\":\"https:\/\/medecine-philosophie.com\/index.php\/a-propos-de\/mentions-legales\/\",\"url\":\"https:\/\/medecine-philosophie.com\/index.php\/a-propos-de\/mentions-legales\/\",\"name\":\"Mentions l\\u00e9gales et \\u00e9thiques\"}}]}]}<\/script>\n<!-- \/ Yoast SEO plugin. -->","_links":{"self":[{"href":"https:\/\/medecine-philosophie.com\/index.php\/wp-json\/wp\/v2\/pages\/64"}],"collection":[{"href":"https:\/\/medecine-philosophie.com\/index.php\/wp-json\/wp\/v2\/pages"}],"about":[{"href":"https:\/\/medecine-philosophie.com\/index.php\/wp-json\/wp\/v2\/types\/page"}],"author":[{"embeddable":true,"href":"https:\/\/medecine-philosophie.com\/index.php\/wp-json\/wp\/v2\/users\/1"}],"replies":[{"embeddable":true,"href":"https:\/\/medecine-philosophie.com\/index.php\/wp-json\/wp\/v2\/comments?post=64"}],"version-history":[{"count":0,"href":"https:\/\/medecine-philosophie.com\/index.php\/wp-json\/wp\/v2\/pages\/64\/revisions"}],"up":[{"embeddable":true,"href":"https:\/\/medecine-philosophie.com\/index.php\/wp-json\/wp\/v2\/pages\/8"}],"wp:attachment":[{"href":"https:\/\/medecine-philosophie.com\/index.php\/wp-json\/wp\/v2\/media?parent=64"}],"curies":[{"name":"wp","href":"https:\/\/api.w.org\/{rel}","templated":true}]}}