{"id":8,"date":"2018-04-08T13:54:48","date_gmt":"2018-04-08T11:54:48","guid":{"rendered":"http:\/\/medecine-philosophie.com\/?page_id=8"},"modified":"2019-12-29T21:23:26","modified_gmt":"2019-12-29T20:23:26","slug":"a-propos-de","status":"publish","type":"page","link":"https:\/\/medecine-philosophie.com\/index.php\/a-propos-de\/","title":{"rendered":"A propos de la revue"},"content":{"rendered":"\n<p><strong>Titre<\/strong>&nbsp;: M\u00e9decine et Philosophie<\/p>\n\n\n\n<p><strong>Sous-titre<\/strong>\u00a0: Revue interdisciplinaire en sciences m\u00e9dicales<\/p>\n\n\n\n<p><strong>ISSN<\/strong> : 2650-5614<\/p>\n\n\n\n<p><strong>ISSN format \u00e9lectronique<\/strong>&nbsp;: 2650-5614<\/p>\n\n\n\n<p><strong>P\u00e9riodicit\u00e9<\/strong>&nbsp;: Semestrielle<\/p>\n\n\n\n<p><strong>Ann\u00e9e de cr\u00e9ation<\/strong>&nbsp;: 2017<\/p>\n","protected":false},"excerpt":{"rendered":"<p>Titre&nbsp;: M\u00e9decine et Philosophie Sous-titre\u00a0: Revue interdisciplinaire en sciences m\u00e9dicales ISSN : 2650-5614 ISSN format \u00e9lectronique&nbsp;: 2650-5614 P\u00e9riodicit\u00e9&nbsp;: Semestrielle Ann\u00e9e de cr\u00e9ation&nbsp;: 2017<\/p>\n","protected":false},"author":1,"featured_media":5,"parent":0,"menu_order":4,"comment_status":"closed","ping_status":"closed","template":"","meta":[],"acf":[],"yoast_head":"<!-- This site is optimized with the Yoast SEO plugin v15.9.2 - https:\/\/yoast.com\/wordpress\/plugins\/seo\/ -->\n<title>A propos de la revue - Revue M\u00e9decine et Philosophie<\/title>\n<meta name=\"robots\" content=\"index, follow, max-snippet:-1, max-image-preview:large, max-video-preview:-1\" \/>\n<link rel=\"canonical\" href=\"https:\/\/medecine-philosophie.com\/index.php\/a-propos-de\/\" \/>\n<meta property=\"og:locale\" content=\"fr_FR\" \/>\n<meta property=\"og:type\" content=\"article\" \/>\n<meta property=\"og:title\" content=\"A propos de la revue - Revue M\u00e9decine et Philosophie\" \/>\n<meta property=\"og:description\" content=\"Titre&nbsp;: M\u00e9decine et Philosophie Sous-titre\u00a0: Revue interdisciplinaire en sciences m\u00e9dicales ISSN : 2650-5614 ISSN format \u00e9lectronique&nbsp;: 2650-5614 P\u00e9riodicit\u00e9&nbsp;: Semestrielle Ann\u00e9e de cr\u00e9ation&nbsp;: 2017\" \/>\n<meta property=\"og:url\" content=\"https:\/\/medecine-philosophie.com\/index.php\/a-propos-de\/\" \/>\n<meta property=\"og:site_name\" content=\"Revue M\u00e9decine et Philosophie\" \/>\n<meta property=\"article:publisher\" content=\"https:\/\/www.facebook.com\/Revue-M%c3%a9decine-et-Philosophie-1057556234396943\/\" \/>\n<meta property=\"article:modified_time\" content=\"2019-12-29T20:23:26+00:00\" \/>\n<meta property=\"og:image\" content=\"https:\/\/medecine-philosophie.com\/wp-content\/uploads\/2018\/04\/sandwich.jpg\" \/>\n\t<meta property=\"og:image:width\" content=\"2000\" \/>\n\t<meta property=\"og:image:height\" content=\"1200\" \/>\n<meta name=\"twitter:card\" content=\"summary_large_image\" \/>\n<script type=\"application\/ld+json\" class=\"yoast-schema-graph\">{\"@context\":\"https:\/\/schema.org\",\"@graph\":[{\"@type\":\"Organization\",\"@id\":\"https:\/\/medecine-philosophie.com\/#organization\",\"name\":\"Revue M\\u00e9decine et Philosophie\",\"url\":\"https:\/\/medecine-philosophie.com\/\",\"sameAs\":[\"https:\/\/www.facebook.com\/Revue-M\\u00e9decine-et-Philosophie-1057556234396943\/\"],\"logo\":{\"@type\":\"ImageObject\",\"@id\":\"https:\/\/medecine-philosophie.com\/#logo\",\"inLanguage\":\"fr-FR\",\"url\":\"https:\/\/medecine-philosophie.com\/wp-content\/uploads\/2018\/04\/Revue-de-m\\u00e9decine-et-philosophie-pdf.jpg\",\"caption\":\"Revue M\\u00e9decine et Philosophie\"},\"image\":{\"@id\":\"https:\/\/medecine-philosophie.com\/#logo\"}},{\"@type\":\"WebSite\",\"@id\":\"https:\/\/medecine-philosophie.com\/#website\",\"url\":\"https:\/\/medecine-philosophie.com\/\",\"name\":\"Revue M\\u00e9decine et Philosophie\",\"description\":\"Revue interdisciplinaire\",\"publisher\":{\"@id\":\"https:\/\/medecine-philosophie.com\/#organization\"},\"potentialAction\":[{\"@type\":\"SearchAction\",\"target\":\"https:\/\/medecine-philosophie.com\/?s={search_term_string}\",\"query-input\":\"required name=search_term_string\"}],\"inLanguage\":\"fr-FR\"},{\"@type\":\"ImageObject\",\"@id\":\"https:\/\/medecine-philosophie.com\/index.php\/a-propos-de\/#primaryimage\",\"inLanguage\":\"fr-FR\",\"url\":\"https:\/\/medecine-philosophie.com\/wp-content\/uploads\/2018\/04\/sandwich.jpg\",\"width\":2000,\"height\":1200},{\"@type\":\"WebPage\",\"@id\":\"https:\/\/medecine-philosophie.com\/index.php\/a-propos-de\/#webpage\",\"url\":\"https:\/\/medecine-philosophie.com\/index.php\/a-propos-de\/\",\"name\":\"A propos de la revue - Revue M\\u00e9decine et Philosophie\",\"isPartOf\":{\"@id\":\"https:\/\/medecine-philosophie.com\/#website\"},\"primaryImageOfPage\":{\"@id\":\"https:\/\/medecine-philosophie.com\/index.php\/a-propos-de\/#primaryimage\"},\"datePublished\":\"2018-04-08T11:54:48+00:00\",\"dateModified\":\"2019-12-29T20:23:26+00:00\",\"breadcrumb\":{\"@id\":\"https:\/\/medecine-philosophie.com\/index.php\/a-propos-de\/#breadcrumb\"},\"inLanguage\":\"fr-FR\",\"potentialAction\":[{\"@type\":\"ReadAction\",\"target\":[\"https:\/\/medecine-philosophie.com\/index.php\/a-propos-de\/\"]}]},{\"@type\":\"BreadcrumbList\",\"@id\":\"https:\/\/medecine-philosophie.com\/index.php\/a-propos-de\/#breadcrumb\",\"itemListElement\":[{\"@type\":\"ListItem\",\"position\":1,\"item\":{\"@type\":\"WebPage\",\"@id\":\"https:\/\/medecine-philosophie.com\/\",\"url\":\"https:\/\/medecine-philosophie.com\/\",\"name\":\"Accueil\"}},{\"@type\":\"ListItem\",\"position\":2,\"item\":{\"@type\":\"WebPage\",\"@id\":\"https:\/\/medecine-philosophie.com\/index.php\/a-propos-de\/\",\"url\":\"https:\/\/medecine-philosophie.com\/index.php\/a-propos-de\/\",\"name\":\"A propos de la revue\"}}]}]}<\/script>\n<!-- \/ Yoast SEO plugin. -->","_links":{"self":[{"href":"https:\/\/medecine-philosophie.com\/index.php\/wp-json\/wp\/v2\/pages\/8"}],"collection":[{"href":"https:\/\/medecine-philosophie.com\/index.php\/wp-json\/wp\/v2\/pages"}],"about":[{"href":"https:\/\/medecine-philosophie.com\/index.php\/wp-json\/wp\/v2\/types\/page"}],"author":[{"embeddable":true,"href":"https:\/\/medecine-philosophie.com\/index.php\/wp-json\/wp\/v2\/users\/1"}],"replies":[{"embeddable":true,"href":"https:\/\/medecine-philosophie.com\/index.php\/wp-json\/wp\/v2\/comments?post=8"}],"version-history":[{"count":0,"href":"https:\/\/medecine-philosophie.com\/index.php\/wp-json\/wp\/v2\/pages\/8\/revisions"}],"wp:featuredmedia":[{"embeddable":true,"href":"https:\/\/medecine-philosophie.com\/index.php\/wp-json\/wp\/v2\/media\/5"}],"wp:attachment":[{"href":"https:\/\/medecine-philosophie.com\/index.php\/wp-json\/wp\/v2\/media?parent=8"}],"curies":[{"name":"wp","href":"https:\/\/api.w.org\/{rel}","templated":true}]}}